





{"id":4760,"date":"2024-10-11T12:20:54","date_gmt":"2024-10-11T12:20:54","guid":{"rendered":"https:\/\/navigar.ca\/page-des-videos\/"},"modified":"2025-01-21T14:06:07","modified_gmt":"2025-01-21T14:06:07","slug":"videos-de-formation","status":"publish","type":"page","link":"https:\/\/navigar.ca\/fr\/videos-de-formation\/","title":{"rendered":"Vid\u00e9os de formation"},"content":{"rendered":"<div class=\"container\">\n<h4>Bienvenue dans notre s\u00e9lection de vid\u00e9os pratiques.<\/h4>\n<p>&nbsp;<\/p>\n<p>Ces petites perles de sagesse vous montreront rapidement comment configurer, modifier et ma\u00eetriser Navigar et vous permettront d\u2019entamer votre prochaine carri\u00e8re. <\/p>\n<p>&nbsp;<\/p>\n<p class=\"support-link\">Nous avons aussi <a href=\"\/fr\/?page_id=4426\" target=\"_blank\" rel=\"noopener\">notre FAQ<\/a> et <a href=\"\/fr\/?page_id=5174\" target=\"_blank\" rel=\"noopener\">les s\u00e9ances de formation<\/a>, pour nos apprenants visuels pour vous aider \u00e0 tirer le meilleur parti de Navigar.<\/p>\n<p>Si vous avez encore besoin d\u2019assistance, vous pouvez nous contacter directement \u00e0 l\u2019aide des coordonn\u00e9es figurant au bas de cette page.<\/p>\n<\/div>\n\n\n<div style=\"height:62px\" aria-hidden=\"true\" class=\"wp-block-spacer\"><\/div>\n\n\n\n<div class=\"wp-block-columns container is-layout-flex wp-container-core-columns-is-layout-9d6595d7 wp-block-columns-is-layout-flex\">\n<div class=\"wp-block-column container is-layout-flow wp-block-column-is-layout-flow\">\n<figure class=\"wp-block-embed is-type-video is-provider-youtube wp-block-embed-youtube wp-embed-aspect-16-9 wp-has-aspect-ratio\"><div class=\"wp-block-embed__wrapper\">\n<iframe loading=\"lazy\" title=\"Pourquoi Navigar ? Bienvenue au groupe TI\" width=\"640\" height=\"360\" src=\"https:\/\/www.youtube.com\/embed\/yDY4uh-Wx4w?feature=oembed\" frameborder=\"0\" allow=\"accelerometer; autoplay; clipboard-write; encrypted-media; gyroscope; picture-in-picture; web-share\" referrerpolicy=\"strict-origin-when-cross-origin\" allowfullscreen><\/iframe>\n<\/div><figcaption class=\"wp-element-caption\">Pourquoi Navigar ? Bienvenue au groupe TI <\/figcaption><\/figure>\n<\/div>\n\n\n\n<div class=\"wp-block-column container is-layout-flow wp-block-column-is-layout-flow\">\n<figure class=\"wp-block-embed is-type-video is-provider-youtube wp-block-embed-youtube wp-embed-aspect-16-9 wp-has-aspect-ratio\"><div class=\"wp-block-embed__wrapper\">\n<iframe loading=\"lazy\" title=\"Configuration du compte\" width=\"640\" height=\"360\" src=\"https:\/\/www.youtube.com\/embed\/_KImIwM6CJo?feature=oembed\" frameborder=\"0\" allow=\"accelerometer; autoplay; clipboard-write; encrypted-media; gyroscope; picture-in-picture; web-share\" referrerpolicy=\"strict-origin-when-cross-origin\" allowfullscreen><\/iframe>\n<\/div><figcaption class=\"wp-element-caption\">Configuration du compte<\/figcaption><\/figure>\n<\/div>\n\n\n\n<div class=\"wp-block-column container is-layout-flow wp-block-column-is-layout-flow\">\n<figure class=\"wp-block-embed is-type-video is-provider-youtube wp-block-embed-youtube wp-embed-aspect-16-9 wp-has-aspect-ratio\"><div class=\"wp-block-embed__wrapper\">\n<iframe loading=\"lazy\" title=\"Personnalisez votre profil de comp\u00e9tences\" width=\"640\" height=\"360\" src=\"https:\/\/www.youtube.com\/embed\/cECdxe5pRbU?feature=oembed\" frameborder=\"0\" allow=\"accelerometer; autoplay; clipboard-write; encrypted-media; gyroscope; picture-in-picture; web-share\" referrerpolicy=\"strict-origin-when-cross-origin\" allowfullscreen><\/iframe>\n<\/div><figcaption class=\"wp-element-caption\">Personnalisez votre profil de comp\u00e9tences<\/figcaption><\/figure>\n<\/div>\n<\/div>\n\n\n\n<div class=\"wp-block-columns container is-layout-flex wp-container-core-columns-is-layout-9d6595d7 wp-block-columns-is-layout-flex\">\n<div class=\"wp-block-column container is-layout-flow wp-block-column-is-layout-flow\">\n<figure class=\"wp-block-embed is-type-video is-provider-youtube wp-block-embed-youtube wp-embed-aspect-16-9 wp-has-aspect-ratio\"><div class=\"wp-block-embed__wrapper\">\n<iframe loading=\"lazy\" title=\"Choisissez votre future carri\u00e8re\" width=\"640\" height=\"360\" src=\"https:\/\/www.youtube.com\/embed\/Ty2gq83-maQ?feature=oembed\" frameborder=\"0\" allow=\"accelerometer; autoplay; clipboard-write; encrypted-media; gyroscope; picture-in-picture; web-share\" referrerpolicy=\"strict-origin-when-cross-origin\" allowfullscreen><\/iframe>\n<\/div><figcaption class=\"wp-element-caption\">Choisissez votre future carri\u00e8re<\/figcaption><\/figure>\n<\/div>\n\n\n\n<div class=\"wp-block-column container is-layout-flow wp-block-column-is-layout-flow\">\n<figure class=\"wp-block-embed is-type-video is-provider-youtube wp-block-embed-youtube wp-embed-aspect-16-9 wp-has-aspect-ratio\"><div class=\"wp-block-embed__wrapper\">\n<iframe loading=\"lazy\" title=\"Formation recommand\u00e9e\" width=\"640\" height=\"360\" src=\"https:\/\/www.youtube.com\/embed\/7FHGJJ0ZFg4?feature=oembed\" frameborder=\"0\" allow=\"accelerometer; autoplay; clipboard-write; encrypted-media; gyroscope; picture-in-picture; web-share\" referrerpolicy=\"strict-origin-when-cross-origin\" allowfullscreen><\/iframe>\n<\/div><figcaption class=\"wp-element-caption\">Trouvez votre formation recommand\u00e9e<\/figcaption><\/figure>\n<\/div>\n\n\n\n<div class=\"wp-block-column container is-layout-flow wp-block-column-is-layout-flow\"><\/div>\n<\/div>\n\n\n<div class=\"container\">\n<p>\u00a0<\/p>\n<h2 style=\"margin-bottom: 40px;\">Vous avez toujours besoin d\u2019assistance?<\/h2>\n<p class=\"support-link\">Vous pouvez <a href=\"https:\/\/navigar.ca\/fr\/contact-us\/\" target=\"_blank\" rel=\"noopener\">nous envoyer un courriel<\/a> en prenant soin d\u2019indiquer les d\u00e9tails du probl\u00e8me pour lequel vous avez besoin d\u2019assistance.<\/p>\n<p><!-- \/wp:post-content --><\/p>\n<p>\u00a0<\/p>\n<\/div>","protected":false},"excerpt":{"rendered":"<p>Bienvenue dans notre s\u00e9lection de vid\u00e9os pratiques. &nbsp; Ces petites perles de sagesse vous montreront rapidement comment configurer, modifier et ma\u00eetriser Navigar et vous permettront d\u2019entamer votre prochaine carri\u00e8re. &nbsp; Nous avons aussi notre FAQ et les s\u00e9ances de formation, pour nos apprenants visuels pour vous aider \u00e0 tirer le meilleur parti de Navigar. Si [&hellip;]<\/p>\n","protected":false},"author":21,"featured_media":0,"parent":0,"menu_order":0,"comment_status":"closed","ping_status":"closed","template":"page-templates\/standard.php","meta":{"_acf_changed":false,"inline_featured_image":false,"footnotes":""},"class_list":["post-4760","page","type-page","status-publish","hentry"],"acf":[],"_links":{"self":[{"href":"https:\/\/navigar.ca\/fr\/wp-json\/wp\/v2\/pages\/4760","targetHints":{"allow":["GET"]}}],"collection":[{"href":"https:\/\/navigar.ca\/fr\/wp-json\/wp\/v2\/pages"}],"about":[{"href":"https:\/\/navigar.ca\/fr\/wp-json\/wp\/v2\/types\/page"}],"author":[{"embeddable":true,"href":"https:\/\/navigar.ca\/fr\/wp-json\/wp\/v2\/users\/21"}],"replies":[{"embeddable":true,"href":"https:\/\/navigar.ca\/fr\/wp-json\/wp\/v2\/comments?post=4760"}],"version-history":[{"count":22,"href":"https:\/\/navigar.ca\/fr\/wp-json\/wp\/v2\/pages\/4760\/revisions"}],"predecessor-version":[{"id":5586,"href":"https:\/\/navigar.ca\/fr\/wp-json\/wp\/v2\/pages\/4760\/revisions\/5586"}],"wp:attachment":[{"href":"https:\/\/navigar.ca\/fr\/wp-json\/wp\/v2\/media?parent=4760"}],"curies":[{"name":"wp","href":"https:\/\/api.w.org\/{rel}","templated":true}]}}